{"id":495,"date":"2018-05-31T11:47:20","date_gmt":"2018-05-31T09:47:20","guid":{"rendered":"https:\/\/www.seajump.fr\/?page_id=495"},"modified":"2018-05-31T11:47:20","modified_gmt":"2018-05-31T09:47:20","slug":"privacy-policy","status":"publish","type":"page","link":"https:\/\/www.seajump.fr\/en\/privacy-policy\/","title":{"rendered":"Privacy policy"},"content":{"rendered":"<h2 class=\"western\" lang=\"en-US\">Who are we\u00a0?<\/h2>\n<p lang=\"en-US\">Our website address is:https:\/\/www.seajump.fr<\/p>\n<h2 class=\"western\" lang=\"en-US\">Use of personal data collected<\/h2>\n<h3 class=\"western\" lang=\"en-US\">Comments<\/h3>\n<h3 class=\"western\" lang=\"en-US\"><span style=\"font-size: medium;\">When you leave a comment on our website, the data entered in the comment form, but also your IP address and the user agent of your browser are collected to help us detect unwanted comments.<\/span><\/h3>\n<h3 class=\"western\" lang=\"en-US\"><span style=\"font-size: medium;\">An anonymized channel created from your email address (also called hash) can be sent to the Gravatar service to check if you are using the service. The privacy clauses of the Gravatar service are available here: https:\/\/automattic.com\/privacy\/. After validation of your comment, your profile picture will be visible publicly next to your comment.<\/span><\/h3>\n<h3 class=\"western\" lang=\"en-US\">Media<\/h3>\n<p lang=\"en-US\">If you are a registered user and you upload images to the website, we advise you to avoid uploading images containing EXIF GPS coordinates. Visitors to your website can download and extract location data from these images.<\/p>\n<h3 class=\"western\" lang=\"en-US\">Contact forms<\/h3>\n<h3 class=\"western\" lang=\"en-US\">Cookies<\/h3>\n<h3 class=\"western\" lang=\"en-US\"><span style=\"font-size: medium;\">If you post a comment on our site, you will be asked to save your name, e-mail address and website in cookies. It&#8217;s only for your comfort so you do not have to enter this information if you post another comment later. These cookies expire after one year.<\/span><\/h3>\n<h3 class=\"western\" lang=\"en-US\"><span style=\"font-size: medium;\">If you have an account and log on to this site, a temporary cookie will be created to determine if your browser accepts cookies. It does not contain any personal data and will be deleted automatically when you close your browser.<\/span><\/h3>\n<h3 class=\"western\" lang=\"en-US\"><span style=\"font-size: medium;\">When you sign in, we&#8217;ll set up a number of cookies to save your login information and screen preferences. The lifetime of a login cookie is two days, that of a screen option cookie is one year. If you check &#8220;remember me&#8221;, your cookie will be kept for two weeks. If you log out of your account, the login cookie will be deleted.<\/span><\/h3>\n<h3 class=\"western\" lang=\"en-US\"><span style=\"font-size: medium;\">By modifying or posting an article, an additional cookie will be saved in your browser. This cookie does not include any personal data. It simply indicates the identifier of the article you have just modified. It expires after one day.<\/span><\/h3>\n<p lang=\"en-US\"><span style=\"font-size: large;\"><b>Embedded content from other sites<\/b><\/span><\/p>\n<h3 class=\"western\" lang=\"en-US\"><span style=\"font-size: medium;\">Articles on this site may include embedded content (eg videos, images, articles &#8230;). Content embedded from other sites behaves in the same way as if the visitor were to visit that other site.<\/span><\/h3>\n<h3 class=\"western\" lang=\"en-US\"><span style=\"font-size: medium;\">These websites may collect data about you, use cookies, embed third-party tracking tools, track your interactions with the embedded content if you have a connected account on their website.<\/span><\/h3>\n<h2 class=\"western\" lang=\"en-US\"><span style=\"font-size: large;\">Statistics and audience measurements<\/span><\/h2>\n<h2 class=\"western\" lang=\"en-US\">Use and transmission of your personal data<\/h2>\n<h2 class=\"western\" lang=\"en-US\">Length of storage of your data<\/h2>\n<h2 class=\"western\" lang=\"en-US\"><span style=\"font-size: medium;\">If you leave a comment, the comment and its metadata are kept indefinitely. This allows automatic recognition and approval of the comments instead of leaving them in the moderation queue.<\/span><\/h2>\n<h2 class=\"western\" lang=\"en-US\"><span style=\"font-size: medium;\">For users who register on our site (where this is possible), we also store the personal data indicated in their profile. All users can view, modify or delete their personal information at any time (except their username). Site managers can also view and edit this information.<\/span><\/h2>\n<h2 class=\"western\" lang=\"en-US\">The rights you have on your data<\/h2>\n<p lang=\"en-US\">If you have an account or have left comments on the site, you can request to receive a file containing all the personal data that we have about you, including those that you have provided us. You can also request the deletion of your personal data. This does not take into account data stored for administrative, legal or security purposes.<\/p>\n<h2 class=\"western\" lang=\"en-US\">Transmission of your personal data<\/h2>\n<p lang=\"en-US\">Visitor comments can be verified using an automated spam detection service.<\/p>\n","protected":false},"excerpt":{"rendered":"<p>Who are we\u00a0? Our website address is:https:\/\/www.seajump.fr Use of personal data collected Comments When you leave a comment on our website, the data entered in the comment form, but also your IP address and the user agent of your browser are collected to help us detect unwanted comments. An anonymized channel created from your email [&hellip;]<\/p>\n","protected":false},"author":2,"featured_media":0,"parent":0,"menu_order":0,"comment_status":"closed","ping_status":"closed","template":"","meta":{"footnotes":""},"yoast_head":"<!-- This site is optimized with the Yoast SEO plugin v22.1 - https:\/\/yoast.com\/wordpress\/plugins\/seo\/ -->\n<title>Privacy policy - Bungee jumping near mediterranean sea, la Tour sur Orb<\/title>\n<meta name=\"robots\" content=\"index, follow, max-snippet:-1, max-image-preview:large, max-video-preview:-1\" \/>\n<link rel=\"canonical\" href=\"https:\/\/www.seajump.fr\/en\/privacy-policy\/\" \/>\n<meta property=\"og:locale\" content=\"en_US\" \/>\n<meta property=\"og:type\" content=\"article\" \/>\n<meta property=\"og:title\" content=\"Privacy policy - Bungee jumping near mediterranean sea, la Tour sur Orb\" \/>\n<meta property=\"og:description\" content=\"Who are we\u00a0? Our website address is:https:\/\/www.seajump.fr Use of personal data collected Comments When you leave a comment on our website, the data entered in the comment form, but also your IP address and the user agent of your browser are collected to help us detect unwanted comments. An anonymized channel created from your email [&hellip;]\" \/>\n<meta property=\"og:url\" content=\"https:\/\/www.seajump.fr\/en\/privacy-policy\/\" \/>\n<meta property=\"og:site_name\" content=\"Bungee jumping near mediterranean sea, la Tour sur Orb\" \/>\n<meta property=\"article:publisher\" content=\"https:\/\/www.facebook.com\/Viaduc-de-La-Tour-sur-Orb-Saut-%c3%a0-l%c3%a9lastique-832735416762085\/\" \/>\n<meta name=\"twitter:card\" content=\"summary_large_image\" \/>\n<meta name=\"twitter:site\" content=\"@ElasticSeaJump\" \/>\n<meta name=\"twitter:label1\" content=\"Est. reading time\" \/>\n\t<meta name=\"twitter:data1\" content=\"3 minutes\" \/>\n<script type=\"application\/ld+json\" class=\"yoast-schema-graph\">{\"@context\":\"https:\/\/schema.org\",\"@graph\":[{\"@type\":\"WebPage\",\"@id\":\"https:\/\/www.seajump.fr\/en\/privacy-policy\/\",\"url\":\"https:\/\/www.seajump.fr\/en\/privacy-policy\/\",\"name\":\"Privacy policy - Bungee jumping near mediterranean sea, la Tour sur Orb\",\"isPartOf\":{\"@id\":\"https:\/\/www.seajump.fr\/#website\"},\"datePublished\":\"2018-05-31T09:47:20+00:00\",\"dateModified\":\"2018-05-31T09:47:20+00:00\",\"breadcrumb\":{\"@id\":\"https:\/\/www.seajump.fr\/en\/privacy-policy\/#breadcrumb\"},\"inLanguage\":\"en-US\",\"potentialAction\":[{\"@type\":\"ReadAction\",\"target\":[\"https:\/\/www.seajump.fr\/en\/privacy-policy\/\"]}]},{\"@type\":\"BreadcrumbList\",\"@id\":\"https:\/\/www.seajump.fr\/en\/privacy-policy\/#breadcrumb\",\"itemListElement\":[{\"@type\":\"ListItem\",\"position\":1,\"name\":\"Accueil\",\"item\":\"https:\/\/www.seajump.fr\/en\/accueil\/\"},{\"@type\":\"ListItem\",\"position\":2,\"name\":\"Privacy policy\"}]},{\"@type\":\"WebSite\",\"@id\":\"https:\/\/www.seajump.fr\/#website\",\"url\":\"https:\/\/www.seajump.fr\/\",\"name\":\"Bungee jumping near mediterranean sea, la Tour sur Orb\",\"description\":\"Le Saut \u00e0 l&#039;\u00e9lastique en M\u00e9diterrann\u00e9e, entre B\u00e9ziers et Montpellier\",\"publisher\":{\"@id\":\"https:\/\/www.seajump.fr\/#organization\"},\"potentialAction\":[{\"@type\":\"SearchAction\",\"target\":{\"@type\":\"EntryPoint\",\"urlTemplate\":\"https:\/\/www.seajump.fr\/?s={search_term_string}\"},\"query-input\":\"required name=search_term_string\"}],\"inLanguage\":\"en-US\"},{\"@type\":\"Organization\",\"@id\":\"https:\/\/www.seajump.fr\/#organization\",\"name\":\"Seajump\",\"url\":\"https:\/\/www.seajump.fr\/\",\"logo\":{\"@type\":\"ImageObject\",\"inLanguage\":\"en-US\",\"@id\":\"https:\/\/www.seajump.fr\/#\/schema\/logo\/image\/\",\"url\":\"https:\/\/www.seajump.fr\/wp-content\/uploads\/2019\/05\/logo-seajump-mediterranee.png\",\"contentUrl\":\"https:\/\/www.seajump.fr\/wp-content\/uploads\/2019\/05\/logo-seajump-mediterranee.png\",\"width\":340,\"height\":156,\"caption\":\"Seajump\"},\"image\":{\"@id\":\"https:\/\/www.seajump.fr\/#\/schema\/logo\/image\/\"},\"sameAs\":[\"https:\/\/www.facebook.com\/Viaduc-de-La-Tour-sur-Orb-Saut-\u00e0-l\u00e9lastique-832735416762085\/\",\"https:\/\/twitter.com\/ElasticSeaJump\"]}]}<\/script>\n<!-- \/ Yoast SEO plugin. -->","yoast_head_json":{"title":"Privacy policy - Bungee jumping near mediterranean sea, la Tour sur Orb","robots":{"index":"index","follow":"follow","max-snippet":"max-snippet:-1","max-image-preview":"max-image-preview:large","max-video-preview":"max-video-preview:-1"},"canonical":"https:\/\/www.seajump.fr\/en\/privacy-policy\/","og_locale":"en_US","og_type":"article","og_title":"Privacy policy - Bungee jumping near mediterranean sea, la Tour sur Orb","og_description":"Who are we\u00a0? Our website address is:https:\/\/www.seajump.fr Use of personal data collected Comments When you leave a comment on our website, the data entered in the comment form, but also your IP address and the user agent of your browser are collected to help us detect unwanted comments. An anonymized channel created from your email [&hellip;]","og_url":"https:\/\/www.seajump.fr\/en\/privacy-policy\/","og_site_name":"Bungee jumping near mediterranean sea, la Tour sur Orb","article_publisher":"https:\/\/www.facebook.com\/Viaduc-de-La-Tour-sur-Orb-Saut-%c3%a0-l%c3%a9lastique-832735416762085\/","twitter_card":"summary_large_image","twitter_site":"@ElasticSeaJump","twitter_misc":{"Est. reading time":"3 minutes"},"schema":{"@context":"https:\/\/schema.org","@graph":[{"@type":"WebPage","@id":"https:\/\/www.seajump.fr\/en\/privacy-policy\/","url":"https:\/\/www.seajump.fr\/en\/privacy-policy\/","name":"Privacy policy - Bungee jumping near mediterranean sea, la Tour sur Orb","isPartOf":{"@id":"https:\/\/www.seajump.fr\/#website"},"datePublished":"2018-05-31T09:47:20+00:00","dateModified":"2018-05-31T09:47:20+00:00","breadcrumb":{"@id":"https:\/\/www.seajump.fr\/en\/privacy-policy\/#breadcrumb"},"inLanguage":"en-US","potentialAction":[{"@type":"ReadAction","target":["https:\/\/www.seajump.fr\/en\/privacy-policy\/"]}]},{"@type":"BreadcrumbList","@id":"https:\/\/www.seajump.fr\/en\/privacy-policy\/#breadcrumb","itemListElement":[{"@type":"ListItem","position":1,"name":"Accueil","item":"https:\/\/www.seajump.fr\/en\/accueil\/"},{"@type":"ListItem","position":2,"name":"Privacy policy"}]},{"@type":"WebSite","@id":"https:\/\/www.seajump.fr\/#website","url":"https:\/\/www.seajump.fr\/","name":"Bungee jumping near mediterranean sea, la Tour sur Orb","description":"Le Saut \u00e0 l&#039;\u00e9lastique en M\u00e9diterrann\u00e9e, entre B\u00e9ziers et Montpellier","publisher":{"@id":"https:\/\/www.seajump.fr\/#organization"},"potentialAction":[{"@type":"SearchAction","target":{"@type":"EntryPoint","urlTemplate":"https:\/\/www.seajump.fr\/?s={search_term_string}"},"query-input":"required name=search_term_string"}],"inLanguage":"en-US"},{"@type":"Organization","@id":"https:\/\/www.seajump.fr\/#organization","name":"Seajump","url":"https:\/\/www.seajump.fr\/","logo":{"@type":"ImageObject","inLanguage":"en-US","@id":"https:\/\/www.seajump.fr\/#\/schema\/logo\/image\/","url":"https:\/\/www.seajump.fr\/wp-content\/uploads\/2019\/05\/logo-seajump-mediterranee.png","contentUrl":"https:\/\/www.seajump.fr\/wp-content\/uploads\/2019\/05\/logo-seajump-mediterranee.png","width":340,"height":156,"caption":"Seajump"},"image":{"@id":"https:\/\/www.seajump.fr\/#\/schema\/logo\/image\/"},"sameAs":["https:\/\/www.facebook.com\/Viaduc-de-La-Tour-sur-Orb-Saut-\u00e0-l\u00e9lastique-832735416762085\/","https:\/\/twitter.com\/ElasticSeaJump"]}]}},"_links":{"self":[{"href":"https:\/\/www.seajump.fr\/en\/wp-json\/wp\/v2\/pages\/495"}],"collection":[{"href":"https:\/\/www.seajump.fr\/en\/wp-json\/wp\/v2\/pages"}],"about":[{"href":"https:\/\/www.seajump.fr\/en\/wp-json\/wp\/v2\/types\/page"}],"author":[{"embeddable":true,"href":"https:\/\/www.seajump.fr\/en\/wp-json\/wp\/v2\/users\/2"}],"replies":[{"embeddable":true,"href":"https:\/\/www.seajump.fr\/en\/wp-json\/wp\/v2\/comments?post=495"}],"version-history":[{"count":1,"href":"https:\/\/www.seajump.fr\/en\/wp-json\/wp\/v2\/pages\/495\/revisions"}],"predecessor-version":[{"id":496,"href":"https:\/\/www.seajump.fr\/en\/wp-json\/wp\/v2\/pages\/495\/revisions\/496"}],"wp:attachment":[{"href":"https:\/\/www.seajump.fr\/en\/wp-json\/wp\/v2\/media?parent=495"}],"curies":[{"name":"wp","href":"https:\/\/api.w.org\/{rel}","templated":true}]}}